{"id":7784,"date":"2026-04-28T15:00:41","date_gmt":"2026-04-28T13:00:41","guid":{"rendered":"https:\/\/ice4eu.com\/product\/i15b-60037100126\/"},"modified":"2026-04-28T15:00:41","modified_gmt":"2026-04-28T13:00:41","slug":"i15b-60037100126","status":"publish","type":"product","link":"https:\/\/ice4eu.com\/fr\/produit\/i15b-60037100126\/","title":{"rendered":"i15B \/ 60037100126"},"content":{"rendered":"<p>L\u2019autolaveuse i15B est la solution de nettoyage l\u00e9g\u00e8re et flexible pour les petites surfaces encombr\u00e9es. La i15B est compacte mais performante. Son faible poids facilite son transport, m\u00eame en voiture. Elle est \u00e9quip\u00e9e d\u2019un moteur de brosse \u00e0 engrenages, d\u2019une batterie AGM puissante sans entretien et de composants de haute qualit\u00e9 qui rendent tous les produits ICE si durables et efficaces.   <\/p>\n","protected":false},"excerpt":{"rendered":"<p class=\"p1\">L\u2019autolaveuse i15B est la solution de nettoyage l\u00e9g\u00e8re et flexible pour les petites surfaces encombr\u00e9es. La i15B est compacte mais performante.  <span class=\"s1\">Son faible poids facilite son transport, m\u00eame en voiture. Elle est \u00e9quip\u00e9e d\u2019un moteur de brosse \u00e0 engrenages, d\u2019une batterie AGM puissante sans entretien et de composants de haute qualit\u00e9 qui rendent tous les produits ICE si durables et efficaces. <\/span><\/p>\n","protected":false},"featured_media":7788,"comment_status":"closed","ping_status":"closed","template":"","meta":{"_acf_changed":false},"product_brand":[],"product_cat":[273,274],"product_tag":[],"class_list":{"0":"post-7784","1":"product","2":"type-product","3":"status-publish","4":"has-post-thumbnail","6":"product_cat-autolaveuse-a-conducteur-accompagnant","7":"product_cat-machines-doccasion","9":"first","10":"instock","11":"sold-individually","12":"purchasable","13":"product-type-simple"},"acf":[],"yoast_head":"<!-- This site is optimized with the Yoast SEO plugin v27.2 - https:\/\/yoast.com\/product\/yoast-seo-wordpress\/ -->\n<title>i15B \/ 60037100126 - ICE Cobotics EMEA<\/title>\n<meta name=\"robots\" content=\"index, follow, max-snippet:-1, max-image-preview:large, max-video-preview:-1\" \/>\n<link rel=\"canonical\" href=\"https:\/\/ice4eu.com\/fr\/produit\/i15b-60037100126\/\" \/>\n<meta property=\"og:locale\" content=\"fr_FR\" \/>\n<meta property=\"og:type\" content=\"article\" \/>\n<meta property=\"og:title\" content=\"i15B \/ 60037100126 - ICE Cobotics EMEA\" \/>\n<meta property=\"og:description\" content=\"L\u2019autolaveuse i15B est la solution de nettoyage l\u00e9g\u00e8re et flexible pour les petites surfaces encombr\u00e9es. La i15B est compacte mais performante. Son faible poids facilite son transport, m\u00eame en voiture. Elle est \u00e9quip\u00e9e d\u2019un moteur de brosse \u00e0 engrenages, d\u2019une batterie AGM puissante sans entretien et de composants de haute qualit\u00e9 qui rendent tous les produits ICE si durables et efficaces.\" \/>\n<meta property=\"og:url\" content=\"https:\/\/ice4eu.com\/fr\/produit\/i15b-60037100126\/\" \/>\n<meta property=\"og:site_name\" content=\"ICE Cobotics EMEA\" \/>\n<meta property=\"article:publisher\" content=\"https:\/\/www.facebook.com\/IceInternationalCleaningEquipment\" \/>\n<meta property=\"og:image\" content=\"https:\/\/ice4eu.com\/wp-content\/uploads\/2026\/04\/i15B-60037100126-4-1024x768.jpg\" \/>\n\t<meta property=\"og:image:width\" content=\"1024\" \/>\n\t<meta property=\"og:image:height\" content=\"768\" \/>\n\t<meta property=\"og:image:type\" content=\"image\/jpeg\" \/>\n<meta name=\"twitter:card\" content=\"summary_large_image\" \/>\n<meta name=\"twitter:site\" content=\"@ice4benelux\" \/>\n<script type=\"application\/ld+json\" class=\"yoast-schema-graph\">{\"@context\":\"https:\/\/schema.org\",\"@graph\":[{\"@type\":\"WebPage\",\"@id\":\"https:\/\/ice4eu.com\/fr\/produit\/i15b-60037100126\/\",\"url\":\"https:\/\/ice4eu.com\/fr\/produit\/i15b-60037100126\/\",\"name\":\"i15B \/ 60037100126 - ICE Cobotics EMEA\",\"isPartOf\":{\"@id\":\"https:\/\/ice4eu.com\/fr\/#website\"},\"primaryImageOfPage\":{\"@id\":\"https:\/\/ice4eu.com\/fr\/produit\/i15b-60037100126\/#primaryimage\"},\"image\":{\"@id\":\"https:\/\/ice4eu.com\/fr\/produit\/i15b-60037100126\/#primaryimage\"},\"thumbnailUrl\":\"https:\/\/ice4eu.com\/wp-content\/uploads\/2026\/04\/i15B-60037100126-4-scaled.jpg\",\"datePublished\":\"2026-04-28T13:00:41+00:00\",\"breadcrumb\":{\"@id\":\"https:\/\/ice4eu.com\/fr\/produit\/i15b-60037100126\/#breadcrumb\"},\"inLanguage\":\"fr-FR\",\"potentialAction\":[{\"@type\":\"ReadAction\",\"target\":[\"https:\/\/ice4eu.com\/fr\/produit\/i15b-60037100126\/\"]}]},{\"@type\":\"ImageObject\",\"inLanguage\":\"fr-FR\",\"@id\":\"https:\/\/ice4eu.com\/fr\/produit\/i15b-60037100126\/#primaryimage\",\"url\":\"https:\/\/ice4eu.com\/wp-content\/uploads\/2026\/04\/i15B-60037100126-4-scaled.jpg\",\"contentUrl\":\"https:\/\/ice4eu.com\/wp-content\/uploads\/2026\/04\/i15B-60037100126-4-scaled.jpg\",\"width\":2500,\"height\":1875},{\"@type\":\"BreadcrumbList\",\"@id\":\"https:\/\/ice4eu.com\/fr\/produit\/i15b-60037100126\/#breadcrumb\",\"itemListElement\":[{\"@type\":\"ListItem\",\"position\":1,\"name\":\"Home\",\"item\":\"https:\/\/ice4eu.com\/fr\/accueil\/\"},{\"@type\":\"ListItem\",\"position\":2,\"name\":\"Boutique\",\"item\":\"https:\/\/ice4eu.com\/fr\/boutique\/\"},{\"@type\":\"ListItem\",\"position\":3,\"name\":\"i15B \/ 60037100126\"}]},{\"@type\":\"WebSite\",\"@id\":\"https:\/\/ice4eu.com\/fr\/#website\",\"url\":\"https:\/\/ice4eu.com\/fr\/\",\"name\":\"ICE Cobotics\",\"description\":\"Human Led. Tech Powered Clean.\",\"publisher\":{\"@id\":\"https:\/\/ice4eu.com\/fr\/#organization\"},\"alternateName\":\"ICE Cobotics EMEA\",\"potentialAction\":[{\"@type\":\"SearchAction\",\"target\":{\"@type\":\"EntryPoint\",\"urlTemplate\":\"https:\/\/ice4eu.com\/fr\/?s={search_term_string}\"},\"query-input\":{\"@type\":\"PropertyValueSpecification\",\"valueRequired\":true,\"valueName\":\"search_term_string\"}}],\"inLanguage\":\"fr-FR\"},{\"@type\":\"Organization\",\"@id\":\"https:\/\/ice4eu.com\/fr\/#organization\",\"name\":\"ICE Cobotics\",\"alternateName\":\"ICE Cobotics EMEA\",\"url\":\"https:\/\/ice4eu.com\/fr\/\",\"logo\":{\"@type\":\"ImageObject\",\"inLanguage\":\"fr-FR\",\"@id\":\"https:\/\/ice4eu.com\/fr\/#\/schema\/logo\/image\/\",\"url\":\"https:\/\/ice4eu.com\/wp-content\/uploads\/2025\/07\/IcecoboticLogo_GREY_normal-300x90-1.svg\",\"contentUrl\":\"https:\/\/ice4eu.com\/wp-content\/uploads\/2025\/07\/IcecoboticLogo_GREY_normal-300x90-1.svg\",\"width\":300,\"height\":90,\"caption\":\"ICE Cobotics\"},\"image\":{\"@id\":\"https:\/\/ice4eu.com\/fr\/#\/schema\/logo\/image\/\"},\"sameAs\":[\"https:\/\/www.facebook.com\/IceInternationalCleaningEquipment\",\"https:\/\/x.com\/ice4benelux\",\"https:\/\/www.youtube.com\/channel\/UCd5CksJC8a4PhJhO3FJbHHA\"]}]}<\/script>\n<!-- \/ Yoast SEO plugin. -->","yoast_head_json":{"title":"i15B \/ 60037100126 - ICE Cobotics EMEA","robots":{"index":"index","follow":"follow","max-snippet":"max-snippet:-1","max-image-preview":"max-image-preview:large","max-video-preview":"max-video-preview:-1"},"canonical":"https:\/\/ice4eu.com\/fr\/produit\/i15b-60037100126\/","og_locale":"fr_FR","og_type":"article","og_title":"i15B \/ 60037100126 - ICE Cobotics EMEA","og_description":"L\u2019autolaveuse i15B est la solution de nettoyage l\u00e9g\u00e8re et flexible pour les petites surfaces encombr\u00e9es. La i15B est compacte mais performante. Son faible poids facilite son transport, m\u00eame en voiture. Elle est \u00e9quip\u00e9e d\u2019un moteur de brosse \u00e0 engrenages, d\u2019une batterie AGM puissante sans entretien et de composants de haute qualit\u00e9 qui rendent tous les produits ICE si durables et efficaces.","og_url":"https:\/\/ice4eu.com\/fr\/produit\/i15b-60037100126\/","og_site_name":"ICE Cobotics EMEA","article_publisher":"https:\/\/www.facebook.com\/IceInternationalCleaningEquipment","og_image":[{"width":1024,"height":768,"url":"https:\/\/ice4eu.com\/wp-content\/uploads\/2026\/04\/i15B-60037100126-4-1024x768.jpg","type":"image\/jpeg"}],"twitter_card":"summary_large_image","twitter_site":"@ice4benelux","schema":{"@context":"https:\/\/schema.org","@graph":[{"@type":"WebPage","@id":"https:\/\/ice4eu.com\/fr\/produit\/i15b-60037100126\/","url":"https:\/\/ice4eu.com\/fr\/produit\/i15b-60037100126\/","name":"i15B \/ 60037100126 - ICE Cobotics EMEA","isPartOf":{"@id":"https:\/\/ice4eu.com\/fr\/#website"},"primaryImageOfPage":{"@id":"https:\/\/ice4eu.com\/fr\/produit\/i15b-60037100126\/#primaryimage"},"image":{"@id":"https:\/\/ice4eu.com\/fr\/produit\/i15b-60037100126\/#primaryimage"},"thumbnailUrl":"https:\/\/ice4eu.com\/wp-content\/uploads\/2026\/04\/i15B-60037100126-4-scaled.jpg","datePublished":"2026-04-28T13:00:41+00:00","breadcrumb":{"@id":"https:\/\/ice4eu.com\/fr\/produit\/i15b-60037100126\/#breadcrumb"},"inLanguage":"fr-FR","potentialAction":[{"@type":"ReadAction","target":["https:\/\/ice4eu.com\/fr\/produit\/i15b-60037100126\/"]}]},{"@type":"ImageObject","inLanguage":"fr-FR","@id":"https:\/\/ice4eu.com\/fr\/produit\/i15b-60037100126\/#primaryimage","url":"https:\/\/ice4eu.com\/wp-content\/uploads\/2026\/04\/i15B-60037100126-4-scaled.jpg","contentUrl":"https:\/\/ice4eu.com\/wp-content\/uploads\/2026\/04\/i15B-60037100126-4-scaled.jpg","width":2500,"height":1875},{"@type":"BreadcrumbList","@id":"https:\/\/ice4eu.com\/fr\/produit\/i15b-60037100126\/#breadcrumb","itemListElement":[{"@type":"ListItem","position":1,"name":"Home","item":"https:\/\/ice4eu.com\/fr\/accueil\/"},{"@type":"ListItem","position":2,"name":"Boutique","item":"https:\/\/ice4eu.com\/fr\/boutique\/"},{"@type":"ListItem","position":3,"name":"i15B \/ 60037100126"}]},{"@type":"WebSite","@id":"https:\/\/ice4eu.com\/fr\/#website","url":"https:\/\/ice4eu.com\/fr\/","name":"ICE Cobotics","description":"Human Led. Tech Powered Clean.","publisher":{"@id":"https:\/\/ice4eu.com\/fr\/#organization"},"alternateName":"ICE Cobotics EMEA","potentialAction":[{"@type":"SearchAction","target":{"@type":"EntryPoint","urlTemplate":"https:\/\/ice4eu.com\/fr\/?s={search_term_string}"},"query-input":{"@type":"PropertyValueSpecification","valueRequired":true,"valueName":"search_term_string"}}],"inLanguage":"fr-FR"},{"@type":"Organization","@id":"https:\/\/ice4eu.com\/fr\/#organization","name":"ICE Cobotics","alternateName":"ICE Cobotics EMEA","url":"https:\/\/ice4eu.com\/fr\/","logo":{"@type":"ImageObject","inLanguage":"fr-FR","@id":"https:\/\/ice4eu.com\/fr\/#\/schema\/logo\/image\/","url":"https:\/\/ice4eu.com\/wp-content\/uploads\/2025\/07\/IcecoboticLogo_GREY_normal-300x90-1.svg","contentUrl":"https:\/\/ice4eu.com\/wp-content\/uploads\/2025\/07\/IcecoboticLogo_GREY_normal-300x90-1.svg","width":300,"height":90,"caption":"ICE Cobotics"},"image":{"@id":"https:\/\/ice4eu.com\/fr\/#\/schema\/logo\/image\/"},"sameAs":["https:\/\/www.facebook.com\/IceInternationalCleaningEquipment","https:\/\/x.com\/ice4benelux","https:\/\/www.youtube.com\/channel\/UCd5CksJC8a4PhJhO3FJbHHA"]}]}},"_links":{"self":[{"href":"https:\/\/ice4eu.com\/fr\/wp-json\/wp\/v2\/product\/7784","targetHints":{"allow":["GET"]}}],"collection":[{"href":"https:\/\/ice4eu.com\/fr\/wp-json\/wp\/v2\/product"}],"about":[{"href":"https:\/\/ice4eu.com\/fr\/wp-json\/wp\/v2\/types\/product"}],"replies":[{"embeddable":true,"href":"https:\/\/ice4eu.com\/fr\/wp-json\/wp\/v2\/comments?post=7784"}],"wp:featuredmedia":[{"embeddable":true,"href":"https:\/\/ice4eu.com\/fr\/wp-json\/wp\/v2\/media\/7788"}],"wp:attachment":[{"href":"https:\/\/ice4eu.com\/fr\/wp-json\/wp\/v2\/media?parent=7784"}],"wp:term":[{"taxonomy":"product_brand","embeddable":true,"href":"https:\/\/ice4eu.com\/fr\/wp-json\/wp\/v2\/product_brand?post=7784"},{"taxonomy":"product_cat","embeddable":true,"href":"https:\/\/ice4eu.com\/fr\/wp-json\/wp\/v2\/product_cat?post=7784"},{"taxonomy":"product_tag","embeddable":true,"href":"https:\/\/ice4eu.com\/fr\/wp-json\/wp\/v2\/product_tag?post=7784"}],"curies":[{"name":"wp","href":"https:\/\/api.w.org\/{rel}","templated":true}]}}