{"id":7759,"date":"2025-09-09T14:04:58","date_gmt":"2025-09-09T12:04:58","guid":{"rendered":"https:\/\/ice4eu.com\/product\/i24btl-60103100185\/"},"modified":"2026-04-21T15:04:24","modified_gmt":"2026-04-21T13:04:24","slug":"i24btl-60103100185","status":"publish","type":"product","link":"https:\/\/ice4eu.com\/de\/produkt\/i24btl-60103100185\/","title":{"rendered":"i24BTL \/ 60103100185"},"content":{"rendered":"<p>Die Maschine verf\u00fcgt \u00fcber ein neues Display; die tats\u00e4chlichen Betriebsstunden weichen von der Anzeige ab.<\/p>\n<p>Ideal f\u00fcr den Einsatz im Einzelhandel, in Superm\u00e4rkten und in der professionellen Reinigung. Die i24BTL i-Synergy ist eine weitere kosteneffiziente Innovation aus dem Hause ICE. Es handelt sich um eine automatische Nachl\u00e4ufer-Scheuersaugmaschine mit Doppelb\u00fcrsten-Design (61 cm Arbeitsbreite), einem Stahlchassis und einem B\u00fcrstendeck sowie einer Saugfu\u00df-Aufh\u00e4ngung aus Aluminium. \u00dcbersichtliches und einfach zu bedienendes Bedienfeld mit selbsterkl\u00e4renden Symbolen.   <\/p>\n","protected":false},"excerpt":{"rendered":"<p>Ideal f\u00fcr den Einsatz im Einzelhandel, in Superm\u00e4rkten und in der professionellen Reinigung. Die i24BTL i-Synergy ist eine weitere kosteneffiziente Innovation aus dem Hause ICE. Es handelt sich um eine automatische Nachl\u00e4ufer-Scheuersaugmaschine mit Doppelb\u00fcrsten-Design (61 cm Arbeitsbreite), einem Stahlchassis und einem B\u00fcrstendeck sowie einer Saugfu\u00df-Aufh\u00e4ngung aus Aluminium. \u00dcbersichtliches und einfach zu bedienendes Bedienfeld mit selbsterkl\u00e4renden Symbolen.   <\/p>\n<p>Die Maschine verf\u00fcgt \u00fcber ein neues Display; die tats\u00e4chlichen Betriebsstunden weichen von der Anzeige ab.<\/p>\n","protected":false},"featured_media":7760,"comment_status":"closed","ping_status":"closed","template":"","meta":{"_acf_changed":false},"product_brand":[],"product_cat":[283,284],"product_tag":[],"class_list":{"0":"post-7759","1":"product","2":"type-product","3":"status-publish","4":"has-post-thumbnail","6":"product_cat-nachlaufer","7":"product_cat-gebrauchtmaschinen","9":"first","10":"instock","11":"sold-individually","12":"purchasable","13":"product-type-simple"},"acf":[],"yoast_head":"<!-- This site is optimized with the Yoast SEO plugin v27.2 - https:\/\/yoast.com\/product\/yoast-seo-wordpress\/ -->\n<title>i24BTL \/ 60103100185 - ICE Cobotics EMEA<\/title>\n<meta name=\"robots\" content=\"index, follow, max-snippet:-1, max-image-preview:large, max-video-preview:-1\" \/>\n<link rel=\"canonical\" href=\"https:\/\/ice4eu.com\/de\/produkt\/i24btl-60103100185\/\" \/>\n<meta property=\"og:locale\" content=\"de_DE\" \/>\n<meta property=\"og:type\" content=\"article\" \/>\n<meta property=\"og:title\" content=\"i24BTL \/ 60103100185 - ICE Cobotics EMEA\" \/>\n<meta property=\"og:description\" content=\"Ideal f\u00fcr den Einsatz im Einzelhandel, in Superm\u00e4rkten und in der professionellen Reinigung. Die i24BTL i-Synergy ist eine weitere kosteneffiziente Innovation aus dem Hause ICE. Es handelt sich um eine automatische Nachl\u00e4ufer-Scheuersaugmaschine mit Doppelb\u00fcrsten-Design (61 cm Arbeitsbreite), einem Stahlchassis und einem B\u00fcrstendeck sowie einer Saugfu\u00df-Aufh\u00e4ngung aus Aluminium. \u00dcbersichtliches und einfach zu bedienendes Bedienfeld mit selbsterkl\u00e4renden Symbolen.   Die Maschine verf\u00fcgt \u00fcber ein neues Display; die tats\u00e4chlichen Betriebsstunden weichen von der Anzeige ab.\" \/>\n<meta property=\"og:url\" content=\"https:\/\/ice4eu.com\/de\/produkt\/i24btl-60103100185\/\" \/>\n<meta property=\"og:site_name\" content=\"ICE Cobotics EMEA\" \/>\n<meta property=\"article:publisher\" content=\"https:\/\/www.facebook.com\/IceInternationalCleaningEquipment\" \/>\n<meta property=\"article:modified_time\" content=\"2026-04-21T13:04:24+00:00\" \/>\n<meta property=\"og:image\" content=\"https:\/\/ice4eu.com\/wp-content\/uploads\/2025\/09\/i24BTL-60103100185-6-1024x768.jpg\" \/>\n\t<meta property=\"og:image:width\" content=\"1024\" \/>\n\t<meta property=\"og:image:height\" content=\"768\" \/>\n\t<meta property=\"og:image:type\" content=\"image\/jpeg\" \/>\n<meta name=\"twitter:card\" content=\"summary_large_image\" \/>\n<meta name=\"twitter:site\" content=\"@ice4benelux\" \/>\n<script type=\"application\/ld+json\" class=\"yoast-schema-graph\">{\"@context\":\"https:\/\/schema.org\",\"@graph\":[{\"@type\":\"WebPage\",\"@id\":\"https:\/\/ice4eu.com\/de\/produkt\/i24btl-60103100185\/\",\"url\":\"https:\/\/ice4eu.com\/de\/produkt\/i24btl-60103100185\/\",\"name\":\"i24BTL \/ 60103100185 - ICE Cobotics EMEA\",\"isPartOf\":{\"@id\":\"https:\/\/ice4eu.com\/de\/#website\"},\"primaryImageOfPage\":{\"@id\":\"https:\/\/ice4eu.com\/de\/produkt\/i24btl-60103100185\/#primaryimage\"},\"image\":{\"@id\":\"https:\/\/ice4eu.com\/de\/produkt\/i24btl-60103100185\/#primaryimage\"},\"thumbnailUrl\":\"https:\/\/ice4eu.com\/wp-content\/uploads\/2025\/09\/i24BTL-60103100185-6-scaled.jpg\",\"datePublished\":\"2025-09-09T12:04:58+00:00\",\"dateModified\":\"2026-04-21T13:04:24+00:00\",\"breadcrumb\":{\"@id\":\"https:\/\/ice4eu.com\/de\/produkt\/i24btl-60103100185\/#breadcrumb\"},\"inLanguage\":\"de\",\"potentialAction\":[{\"@type\":\"ReadAction\",\"target\":[\"https:\/\/ice4eu.com\/de\/produkt\/i24btl-60103100185\/\"]}]},{\"@type\":\"ImageObject\",\"inLanguage\":\"de\",\"@id\":\"https:\/\/ice4eu.com\/de\/produkt\/i24btl-60103100185\/#primaryimage\",\"url\":\"https:\/\/ice4eu.com\/wp-content\/uploads\/2025\/09\/i24BTL-60103100185-6-scaled.jpg\",\"contentUrl\":\"https:\/\/ice4eu.com\/wp-content\/uploads\/2025\/09\/i24BTL-60103100185-6-scaled.jpg\",\"width\":2500,\"height\":1875},{\"@type\":\"BreadcrumbList\",\"@id\":\"https:\/\/ice4eu.com\/de\/produkt\/i24btl-60103100185\/#breadcrumb\",\"itemListElement\":[{\"@type\":\"ListItem\",\"position\":1,\"name\":\"Home\",\"item\":\"https:\/\/ice4eu.com\/de\/home\/\"},{\"@type\":\"ListItem\",\"position\":2,\"name\":\"Shop\",\"item\":\"https:\/\/ice4eu.com\/de\/shop\/\"},{\"@type\":\"ListItem\",\"position\":3,\"name\":\"i24BTL \/ 60103100185\"}]},{\"@type\":\"WebSite\",\"@id\":\"https:\/\/ice4eu.com\/de\/#website\",\"url\":\"https:\/\/ice4eu.com\/de\/\",\"name\":\"ICE Cobotics\",\"description\":\"Human Led. Tech Powered Clean.\",\"publisher\":{\"@id\":\"https:\/\/ice4eu.com\/de\/#organization\"},\"alternateName\":\"ICE Cobotics EMEA\",\"potentialAction\":[{\"@type\":\"SearchAction\",\"target\":{\"@type\":\"EntryPoint\",\"urlTemplate\":\"https:\/\/ice4eu.com\/de\/?s={search_term_string}\"},\"query-input\":{\"@type\":\"PropertyValueSpecification\",\"valueRequired\":true,\"valueName\":\"search_term_string\"}}],\"inLanguage\":\"de\"},{\"@type\":\"Organization\",\"@id\":\"https:\/\/ice4eu.com\/de\/#organization\",\"name\":\"ICE Cobotics\",\"alternateName\":\"ICE Cobotics EMEA\",\"url\":\"https:\/\/ice4eu.com\/de\/\",\"logo\":{\"@type\":\"ImageObject\",\"inLanguage\":\"de\",\"@id\":\"https:\/\/ice4eu.com\/de\/#\/schema\/logo\/image\/\",\"url\":\"https:\/\/ice4eu.com\/wp-content\/uploads\/2025\/07\/IcecoboticLogo_GREY_normal-300x90-1.svg\",\"contentUrl\":\"https:\/\/ice4eu.com\/wp-content\/uploads\/2025\/07\/IcecoboticLogo_GREY_normal-300x90-1.svg\",\"width\":300,\"height\":90,\"caption\":\"ICE Cobotics\"},\"image\":{\"@id\":\"https:\/\/ice4eu.com\/de\/#\/schema\/logo\/image\/\"},\"sameAs\":[\"https:\/\/www.facebook.com\/IceInternationalCleaningEquipment\",\"https:\/\/x.com\/ice4benelux\",\"https:\/\/www.youtube.com\/channel\/UCd5CksJC8a4PhJhO3FJbHHA\"]}]}<\/script>\n<!-- \/ Yoast SEO plugin. -->","yoast_head_json":{"title":"i24BTL \/ 60103100185 - ICE Cobotics EMEA","robots":{"index":"index","follow":"follow","max-snippet":"max-snippet:-1","max-image-preview":"max-image-preview:large","max-video-preview":"max-video-preview:-1"},"canonical":"https:\/\/ice4eu.com\/de\/produkt\/i24btl-60103100185\/","og_locale":"de_DE","og_type":"article","og_title":"i24BTL \/ 60103100185 - ICE Cobotics EMEA","og_description":"Ideal f\u00fcr den Einsatz im Einzelhandel, in Superm\u00e4rkten und in der professionellen Reinigung. Die i24BTL i-Synergy ist eine weitere kosteneffiziente Innovation aus dem Hause ICE. Es handelt sich um eine automatische Nachl\u00e4ufer-Scheuersaugmaschine mit Doppelb\u00fcrsten-Design (61 cm Arbeitsbreite), einem Stahlchassis und einem B\u00fcrstendeck sowie einer Saugfu\u00df-Aufh\u00e4ngung aus Aluminium. \u00dcbersichtliches und einfach zu bedienendes Bedienfeld mit selbsterkl\u00e4renden Symbolen.   Die Maschine verf\u00fcgt \u00fcber ein neues Display; die tats\u00e4chlichen Betriebsstunden weichen von der Anzeige ab.","og_url":"https:\/\/ice4eu.com\/de\/produkt\/i24btl-60103100185\/","og_site_name":"ICE Cobotics EMEA","article_publisher":"https:\/\/www.facebook.com\/IceInternationalCleaningEquipment","article_modified_time":"2026-04-21T13:04:24+00:00","og_image":[{"width":1024,"height":768,"url":"https:\/\/ice4eu.com\/wp-content\/uploads\/2025\/09\/i24BTL-60103100185-6-1024x768.jpg","type":"image\/jpeg"}],"twitter_card":"summary_large_image","twitter_site":"@ice4benelux","schema":{"@context":"https:\/\/schema.org","@graph":[{"@type":"WebPage","@id":"https:\/\/ice4eu.com\/de\/produkt\/i24btl-60103100185\/","url":"https:\/\/ice4eu.com\/de\/produkt\/i24btl-60103100185\/","name":"i24BTL \/ 60103100185 - ICE Cobotics EMEA","isPartOf":{"@id":"https:\/\/ice4eu.com\/de\/#website"},"primaryImageOfPage":{"@id":"https:\/\/ice4eu.com\/de\/produkt\/i24btl-60103100185\/#primaryimage"},"image":{"@id":"https:\/\/ice4eu.com\/de\/produkt\/i24btl-60103100185\/#primaryimage"},"thumbnailUrl":"https:\/\/ice4eu.com\/wp-content\/uploads\/2025\/09\/i24BTL-60103100185-6-scaled.jpg","datePublished":"2025-09-09T12:04:58+00:00","dateModified":"2026-04-21T13:04:24+00:00","breadcrumb":{"@id":"https:\/\/ice4eu.com\/de\/produkt\/i24btl-60103100185\/#breadcrumb"},"inLanguage":"de","potentialAction":[{"@type":"ReadAction","target":["https:\/\/ice4eu.com\/de\/produkt\/i24btl-60103100185\/"]}]},{"@type":"ImageObject","inLanguage":"de","@id":"https:\/\/ice4eu.com\/de\/produkt\/i24btl-60103100185\/#primaryimage","url":"https:\/\/ice4eu.com\/wp-content\/uploads\/2025\/09\/i24BTL-60103100185-6-scaled.jpg","contentUrl":"https:\/\/ice4eu.com\/wp-content\/uploads\/2025\/09\/i24BTL-60103100185-6-scaled.jpg","width":2500,"height":1875},{"@type":"BreadcrumbList","@id":"https:\/\/ice4eu.com\/de\/produkt\/i24btl-60103100185\/#breadcrumb","itemListElement":[{"@type":"ListItem","position":1,"name":"Home","item":"https:\/\/ice4eu.com\/de\/home\/"},{"@type":"ListItem","position":2,"name":"Shop","item":"https:\/\/ice4eu.com\/de\/shop\/"},{"@type":"ListItem","position":3,"name":"i24BTL \/ 60103100185"}]},{"@type":"WebSite","@id":"https:\/\/ice4eu.com\/de\/#website","url":"https:\/\/ice4eu.com\/de\/","name":"ICE Cobotics","description":"Human Led. Tech Powered Clean.","publisher":{"@id":"https:\/\/ice4eu.com\/de\/#organization"},"alternateName":"ICE Cobotics EMEA","potentialAction":[{"@type":"SearchAction","target":{"@type":"EntryPoint","urlTemplate":"https:\/\/ice4eu.com\/de\/?s={search_term_string}"},"query-input":{"@type":"PropertyValueSpecification","valueRequired":true,"valueName":"search_term_string"}}],"inLanguage":"de"},{"@type":"Organization","@id":"https:\/\/ice4eu.com\/de\/#organization","name":"ICE Cobotics","alternateName":"ICE Cobotics EMEA","url":"https:\/\/ice4eu.com\/de\/","logo":{"@type":"ImageObject","inLanguage":"de","@id":"https:\/\/ice4eu.com\/de\/#\/schema\/logo\/image\/","url":"https:\/\/ice4eu.com\/wp-content\/uploads\/2025\/07\/IcecoboticLogo_GREY_normal-300x90-1.svg","contentUrl":"https:\/\/ice4eu.com\/wp-content\/uploads\/2025\/07\/IcecoboticLogo_GREY_normal-300x90-1.svg","width":300,"height":90,"caption":"ICE Cobotics"},"image":{"@id":"https:\/\/ice4eu.com\/de\/#\/schema\/logo\/image\/"},"sameAs":["https:\/\/www.facebook.com\/IceInternationalCleaningEquipment","https:\/\/x.com\/ice4benelux","https:\/\/www.youtube.com\/channel\/UCd5CksJC8a4PhJhO3FJbHHA"]}]}},"_links":{"self":[{"href":"https:\/\/ice4eu.com\/de\/wp-json\/wp\/v2\/product\/7759","targetHints":{"allow":["GET"]}}],"collection":[{"href":"https:\/\/ice4eu.com\/de\/wp-json\/wp\/v2\/product"}],"about":[{"href":"https:\/\/ice4eu.com\/de\/wp-json\/wp\/v2\/types\/product"}],"replies":[{"embeddable":true,"href":"https:\/\/ice4eu.com\/de\/wp-json\/wp\/v2\/comments?post=7759"}],"wp:featuredmedia":[{"embeddable":true,"href":"https:\/\/ice4eu.com\/de\/wp-json\/wp\/v2\/media\/7760"}],"wp:attachment":[{"href":"https:\/\/ice4eu.com\/de\/wp-json\/wp\/v2\/media?parent=7759"}],"wp:term":[{"taxonomy":"product_brand","embeddable":true,"href":"https:\/\/ice4eu.com\/de\/wp-json\/wp\/v2\/product_brand?post=7759"},{"taxonomy":"product_cat","embeddable":true,"href":"https:\/\/ice4eu.com\/de\/wp-json\/wp\/v2\/product_cat?post=7759"},{"taxonomy":"product_tag","embeddable":true,"href":"https:\/\/ice4eu.com\/de\/wp-json\/wp\/v2\/product_tag?post=7759"}],"curies":[{"name":"wp","href":"https:\/\/api.w.org\/{rel}","templated":true}]}}