{"id":7742,"date":"2026-04-21T14:36:33","date_gmt":"2026-04-21T12:36:33","guid":{"rendered":"https:\/\/ice4eu.com\/product\/i20nbl-60101100222\/"},"modified":"2026-04-21T14:36:33","modified_gmt":"2026-04-21T12:36:33","slug":"i20nbl-60101100222","status":"publish","type":"product","link":"https:\/\/ice4eu.com\/de\/produkt\/i20nbl-60101100222\/","title":{"rendered":"i20NBL \/ 60101100222"},"content":{"rendered":"<p>Die i20NBL i-Synergy ist eine handgef\u00fchrte Scheuersaugmaschine mit B\u00fcrstenunterst\u00fctzung, einem gro\u00dfz\u00fcgigen Tankinhalt von 60 Litern, einem B\u00fcrstendeck aus Aluminiumdruckguss und einem gebogenen Saugfu\u00df f\u00fcr h\u00f6chste Langlebigkeit. Die i20NBL ist einfach zu bedienen und besonders wendig. Sie bietet bis zu 45 kg Anpressdruck f\u00fcr eine gr\u00fcndliche Reinigung und eine Laufzeit von 2,5 Stunden mit der Li-Ionen-Batterie.  <\/p>\n","protected":false},"excerpt":{"rendered":"<p>Die i20NBL i-Synergy ist eine handgef\u00fchrte Scheuersaugmaschine mit B\u00fcrstenunterst\u00fctzung, einem gro\u00dfz\u00fcgigen Tankinhalt von 60 Litern, einem B\u00fcrstendeck aus Aluminiumdruckguss und einem gebogenen Saugfu\u00df f\u00fcr h\u00f6chste Langlebigkeit. Die i20NBL ist einfach zu bedienen und besonders wendig. Sie bietet bis zu 45 kg Anpressdruck f\u00fcr eine gr\u00fcndliche Reinigung und eine Laufzeit von 2,5 Stunden mit der Li-Ionen-Batterie.  <\/p>\n","protected":false},"featured_media":7743,"comment_status":"closed","ping_status":"closed","template":"","meta":{"_acf_changed":false},"product_brand":[],"product_cat":[283,284],"product_tag":[],"class_list":{"0":"post-7742","1":"product","2":"type-product","3":"status-publish","4":"has-post-thumbnail","6":"product_cat-nachlaufer","7":"product_cat-gebrauchtmaschinen","9":"first","10":"instock","11":"sold-individually","12":"purchasable","13":"product-type-simple"},"acf":[],"yoast_head":"<!-- This site is optimized with the Yoast SEO plugin v27.2 - https:\/\/yoast.com\/product\/yoast-seo-wordpress\/ -->\n<title>i20NBL \/ 60101100222 - ICE Cobotics EMEA<\/title>\n<meta name=\"robots\" content=\"index, follow, max-snippet:-1, max-image-preview:large, max-video-preview:-1\" \/>\n<link rel=\"canonical\" href=\"https:\/\/ice4eu.com\/de\/produkt\/i20nbl-60101100222\/\" \/>\n<meta property=\"og:locale\" content=\"de_DE\" \/>\n<meta property=\"og:type\" content=\"article\" \/>\n<meta property=\"og:title\" content=\"i20NBL \/ 60101100222 - ICE Cobotics EMEA\" \/>\n<meta property=\"og:description\" content=\"Die i20NBL i-Synergy ist eine handgef\u00fchrte Scheuersaugmaschine mit B\u00fcrstenunterst\u00fctzung, einem gro\u00dfz\u00fcgigen Tankinhalt von 60 Litern, einem B\u00fcrstendeck aus Aluminiumdruckguss und einem gebogenen Saugfu\u00df f\u00fcr h\u00f6chste Langlebigkeit. Die i20NBL ist einfach zu bedienen und besonders wendig. Sie bietet bis zu 45 kg Anpressdruck f\u00fcr eine gr\u00fcndliche Reinigung und eine Laufzeit von 2,5 Stunden mit der Li-Ionen-Batterie.\" \/>\n<meta property=\"og:url\" content=\"https:\/\/ice4eu.com\/de\/produkt\/i20nbl-60101100222\/\" \/>\n<meta property=\"og:site_name\" content=\"ICE Cobotics EMEA\" \/>\n<meta property=\"article:publisher\" content=\"https:\/\/www.facebook.com\/IceInternationalCleaningEquipment\" \/>\n<meta property=\"og:image\" content=\"https:\/\/ice4eu.com\/wp-content\/uploads\/2026\/04\/i20NBL-60101100222-2-1024x768.jpg\" \/>\n\t<meta property=\"og:image:width\" content=\"1024\" \/>\n\t<meta property=\"og:image:height\" content=\"768\" \/>\n\t<meta property=\"og:image:type\" content=\"image\/jpeg\" \/>\n<meta name=\"twitter:card\" content=\"summary_large_image\" \/>\n<meta name=\"twitter:site\" content=\"@ice4benelux\" \/>\n<script type=\"application\/ld+json\" class=\"yoast-schema-graph\">{\"@context\":\"https:\/\/schema.org\",\"@graph\":[{\"@type\":\"WebPage\",\"@id\":\"https:\/\/ice4eu.com\/de\/produkt\/i20nbl-60101100222\/\",\"url\":\"https:\/\/ice4eu.com\/de\/produkt\/i20nbl-60101100222\/\",\"name\":\"i20NBL \/ 60101100222 - ICE Cobotics EMEA\",\"isPartOf\":{\"@id\":\"https:\/\/ice4eu.com\/de\/#website\"},\"primaryImageOfPage\":{\"@id\":\"https:\/\/ice4eu.com\/de\/produkt\/i20nbl-60101100222\/#primaryimage\"},\"image\":{\"@id\":\"https:\/\/ice4eu.com\/de\/produkt\/i20nbl-60101100222\/#primaryimage\"},\"thumbnailUrl\":\"https:\/\/ice4eu.com\/wp-content\/uploads\/2026\/04\/i20NBL-60101100222-2-scaled.jpg\",\"datePublished\":\"2026-04-21T12:36:33+00:00\",\"breadcrumb\":{\"@id\":\"https:\/\/ice4eu.com\/de\/produkt\/i20nbl-60101100222\/#breadcrumb\"},\"inLanguage\":\"de\",\"potentialAction\":[{\"@type\":\"ReadAction\",\"target\":[\"https:\/\/ice4eu.com\/de\/produkt\/i20nbl-60101100222\/\"]}]},{\"@type\":\"ImageObject\",\"inLanguage\":\"de\",\"@id\":\"https:\/\/ice4eu.com\/de\/produkt\/i20nbl-60101100222\/#primaryimage\",\"url\":\"https:\/\/ice4eu.com\/wp-content\/uploads\/2026\/04\/i20NBL-60101100222-2-scaled.jpg\",\"contentUrl\":\"https:\/\/ice4eu.com\/wp-content\/uploads\/2026\/04\/i20NBL-60101100222-2-scaled.jpg\",\"width\":2500,\"height\":1875},{\"@type\":\"BreadcrumbList\",\"@id\":\"https:\/\/ice4eu.com\/de\/produkt\/i20nbl-60101100222\/#breadcrumb\",\"itemListElement\":[{\"@type\":\"ListItem\",\"position\":1,\"name\":\"Home\",\"item\":\"https:\/\/ice4eu.com\/de\/home\/\"},{\"@type\":\"ListItem\",\"position\":2,\"name\":\"Shop\",\"item\":\"https:\/\/ice4eu.com\/de\/shop\/\"},{\"@type\":\"ListItem\",\"position\":3,\"name\":\"i20NBL \/ 60101100222\"}]},{\"@type\":\"WebSite\",\"@id\":\"https:\/\/ice4eu.com\/de\/#website\",\"url\":\"https:\/\/ice4eu.com\/de\/\",\"name\":\"ICE Cobotics\",\"description\":\"Human Led. Tech Powered Clean.\",\"publisher\":{\"@id\":\"https:\/\/ice4eu.com\/de\/#organization\"},\"alternateName\":\"ICE Cobotics EMEA\",\"potentialAction\":[{\"@type\":\"SearchAction\",\"target\":{\"@type\":\"EntryPoint\",\"urlTemplate\":\"https:\/\/ice4eu.com\/de\/?s={search_term_string}\"},\"query-input\":{\"@type\":\"PropertyValueSpecification\",\"valueRequired\":true,\"valueName\":\"search_term_string\"}}],\"inLanguage\":\"de\"},{\"@type\":\"Organization\",\"@id\":\"https:\/\/ice4eu.com\/de\/#organization\",\"name\":\"ICE Cobotics\",\"alternateName\":\"ICE Cobotics EMEA\",\"url\":\"https:\/\/ice4eu.com\/de\/\",\"logo\":{\"@type\":\"ImageObject\",\"inLanguage\":\"de\",\"@id\":\"https:\/\/ice4eu.com\/de\/#\/schema\/logo\/image\/\",\"url\":\"https:\/\/ice4eu.com\/wp-content\/uploads\/2025\/07\/IcecoboticLogo_GREY_normal-300x90-1.svg\",\"contentUrl\":\"https:\/\/ice4eu.com\/wp-content\/uploads\/2025\/07\/IcecoboticLogo_GREY_normal-300x90-1.svg\",\"width\":300,\"height\":90,\"caption\":\"ICE Cobotics\"},\"image\":{\"@id\":\"https:\/\/ice4eu.com\/de\/#\/schema\/logo\/image\/\"},\"sameAs\":[\"https:\/\/www.facebook.com\/IceInternationalCleaningEquipment\",\"https:\/\/x.com\/ice4benelux\",\"https:\/\/www.youtube.com\/channel\/UCd5CksJC8a4PhJhO3FJbHHA\"]}]}<\/script>\n<!-- \/ Yoast SEO plugin. -->","yoast_head_json":{"title":"i20NBL \/ 60101100222 - ICE Cobotics EMEA","robots":{"index":"index","follow":"follow","max-snippet":"max-snippet:-1","max-image-preview":"max-image-preview:large","max-video-preview":"max-video-preview:-1"},"canonical":"https:\/\/ice4eu.com\/de\/produkt\/i20nbl-60101100222\/","og_locale":"de_DE","og_type":"article","og_title":"i20NBL \/ 60101100222 - ICE Cobotics EMEA","og_description":"Die i20NBL i-Synergy ist eine handgef\u00fchrte Scheuersaugmaschine mit B\u00fcrstenunterst\u00fctzung, einem gro\u00dfz\u00fcgigen Tankinhalt von 60 Litern, einem B\u00fcrstendeck aus Aluminiumdruckguss und einem gebogenen Saugfu\u00df f\u00fcr h\u00f6chste Langlebigkeit. Die i20NBL ist einfach zu bedienen und besonders wendig. Sie bietet bis zu 45 kg Anpressdruck f\u00fcr eine gr\u00fcndliche Reinigung und eine Laufzeit von 2,5 Stunden mit der Li-Ionen-Batterie.","og_url":"https:\/\/ice4eu.com\/de\/produkt\/i20nbl-60101100222\/","og_site_name":"ICE Cobotics EMEA","article_publisher":"https:\/\/www.facebook.com\/IceInternationalCleaningEquipment","og_image":[{"width":1024,"height":768,"url":"https:\/\/ice4eu.com\/wp-content\/uploads\/2026\/04\/i20NBL-60101100222-2-1024x768.jpg","type":"image\/jpeg"}],"twitter_card":"summary_large_image","twitter_site":"@ice4benelux","schema":{"@context":"https:\/\/schema.org","@graph":[{"@type":"WebPage","@id":"https:\/\/ice4eu.com\/de\/produkt\/i20nbl-60101100222\/","url":"https:\/\/ice4eu.com\/de\/produkt\/i20nbl-60101100222\/","name":"i20NBL \/ 60101100222 - ICE Cobotics EMEA","isPartOf":{"@id":"https:\/\/ice4eu.com\/de\/#website"},"primaryImageOfPage":{"@id":"https:\/\/ice4eu.com\/de\/produkt\/i20nbl-60101100222\/#primaryimage"},"image":{"@id":"https:\/\/ice4eu.com\/de\/produkt\/i20nbl-60101100222\/#primaryimage"},"thumbnailUrl":"https:\/\/ice4eu.com\/wp-content\/uploads\/2026\/04\/i20NBL-60101100222-2-scaled.jpg","datePublished":"2026-04-21T12:36:33+00:00","breadcrumb":{"@id":"https:\/\/ice4eu.com\/de\/produkt\/i20nbl-60101100222\/#breadcrumb"},"inLanguage":"de","potentialAction":[{"@type":"ReadAction","target":["https:\/\/ice4eu.com\/de\/produkt\/i20nbl-60101100222\/"]}]},{"@type":"ImageObject","inLanguage":"de","@id":"https:\/\/ice4eu.com\/de\/produkt\/i20nbl-60101100222\/#primaryimage","url":"https:\/\/ice4eu.com\/wp-content\/uploads\/2026\/04\/i20NBL-60101100222-2-scaled.jpg","contentUrl":"https:\/\/ice4eu.com\/wp-content\/uploads\/2026\/04\/i20NBL-60101100222-2-scaled.jpg","width":2500,"height":1875},{"@type":"BreadcrumbList","@id":"https:\/\/ice4eu.com\/de\/produkt\/i20nbl-60101100222\/#breadcrumb","itemListElement":[{"@type":"ListItem","position":1,"name":"Home","item":"https:\/\/ice4eu.com\/de\/home\/"},{"@type":"ListItem","position":2,"name":"Shop","item":"https:\/\/ice4eu.com\/de\/shop\/"},{"@type":"ListItem","position":3,"name":"i20NBL \/ 60101100222"}]},{"@type":"WebSite","@id":"https:\/\/ice4eu.com\/de\/#website","url":"https:\/\/ice4eu.com\/de\/","name":"ICE Cobotics","description":"Human Led. Tech Powered Clean.","publisher":{"@id":"https:\/\/ice4eu.com\/de\/#organization"},"alternateName":"ICE Cobotics EMEA","potentialAction":[{"@type":"SearchAction","target":{"@type":"EntryPoint","urlTemplate":"https:\/\/ice4eu.com\/de\/?s={search_term_string}"},"query-input":{"@type":"PropertyValueSpecification","valueRequired":true,"valueName":"search_term_string"}}],"inLanguage":"de"},{"@type":"Organization","@id":"https:\/\/ice4eu.com\/de\/#organization","name":"ICE Cobotics","alternateName":"ICE Cobotics EMEA","url":"https:\/\/ice4eu.com\/de\/","logo":{"@type":"ImageObject","inLanguage":"de","@id":"https:\/\/ice4eu.com\/de\/#\/schema\/logo\/image\/","url":"https:\/\/ice4eu.com\/wp-content\/uploads\/2025\/07\/IcecoboticLogo_GREY_normal-300x90-1.svg","contentUrl":"https:\/\/ice4eu.com\/wp-content\/uploads\/2025\/07\/IcecoboticLogo_GREY_normal-300x90-1.svg","width":300,"height":90,"caption":"ICE Cobotics"},"image":{"@id":"https:\/\/ice4eu.com\/de\/#\/schema\/logo\/image\/"},"sameAs":["https:\/\/www.facebook.com\/IceInternationalCleaningEquipment","https:\/\/x.com\/ice4benelux","https:\/\/www.youtube.com\/channel\/UCd5CksJC8a4PhJhO3FJbHHA"]}]}},"_links":{"self":[{"href":"https:\/\/ice4eu.com\/de\/wp-json\/wp\/v2\/product\/7742","targetHints":{"allow":["GET"]}}],"collection":[{"href":"https:\/\/ice4eu.com\/de\/wp-json\/wp\/v2\/product"}],"about":[{"href":"https:\/\/ice4eu.com\/de\/wp-json\/wp\/v2\/types\/product"}],"replies":[{"embeddable":true,"href":"https:\/\/ice4eu.com\/de\/wp-json\/wp\/v2\/comments?post=7742"}],"wp:featuredmedia":[{"embeddable":true,"href":"https:\/\/ice4eu.com\/de\/wp-json\/wp\/v2\/media\/7743"}],"wp:attachment":[{"href":"https:\/\/ice4eu.com\/de\/wp-json\/wp\/v2\/media?parent=7742"}],"wp:term":[{"taxonomy":"product_brand","embeddable":true,"href":"https:\/\/ice4eu.com\/de\/wp-json\/wp\/v2\/product_brand?post=7742"},{"taxonomy":"product_cat","embeddable":true,"href":"https:\/\/ice4eu.com\/de\/wp-json\/wp\/v2\/product_cat?post=7742"},{"taxonomy":"product_tag","embeddable":true,"href":"https:\/\/ice4eu.com\/de\/wp-json\/wp\/v2\/product_tag?post=7742"}],"curies":[{"name":"wp","href":"https:\/\/api.w.org\/{rel}","templated":true}]}}