{"id":7678,"date":"2025-11-07T10:25:23","date_gmt":"2025-11-07T09:25:23","guid":{"rendered":"https:\/\/ice4eu.com\/haftungsausschluss\/"},"modified":"2026-03-30T04:49:16","modified_gmt":"2026-03-30T02:49:16","slug":"haftungsausschluss","status":"publish","type":"page","link":"https:\/\/ice4eu.com\/de\/haftungsausschluss\/","title":{"rendered":"Haftungsausschluss"},"content":{"rendered":"\n    <section class=\"section is-tekst bg-default text-default lg\" id=\"\">\n        <div class=\"container-fluid is-custom\">\n            <div class=\"section__content\">\n            \n    <div class=\"entry-content\">\n        <h1>Haftungsausschluss<\/h1>\n<p>&nbsp;<\/p>\n\n<!-- Legal document generated by Complianz | GDPR\/CCPA Cookie Consent https:\/\/wordpress.org\/plugins\/complianz-gdpr -->\n<div id=\"cmplz-document\" class=\"cmplz-document disclaimer cmplz-document-all\"><p>ICE Robotics EMEA B.V. ist dazu verpflichtet, diese Website aktuell und akkurat zu halten. Solltest du dennoch auf irgendetwas sto\u00dfen, das veraltet oder inkorrekt ist, w\u00fcrden wir es sch\u00e4tzen, wenn du es uns wissen l\u00e4sst. Bitte weise darauf hin, wo du auf der Seite die Information gelesen hast. Wir werden uns dann so schnell wie m\u00f6glich darum k\u00fcmmern. Bitte sende deine R\u00fcckmeldung an: <span class=\"cmplz-obfuscate\">&#105;&#110;&#102;o&#045;e&#109;e&#097;@<span class=\"cmplz-fmail-domain\">e&#120;&#046;&#099;o&#109;<\/span>i&#099;ec&#111;&#098;&#111;&#116;&#105;cs&#046;&#099;&#111;&#109;<\/span>.<\/p><p>Jegliche pers\u00f6nliche Information welche du uns innerhalb des Kontexts deiner Antwort oder deinem Antrag zur Verf\u00fcgung stellst, wird ausschlie\u00dflich gem\u00e4\u00df unserer Datenschutzerkl\u00e4rung genutzt.<\/p><p>Jegliches intellektuelle Eigentumsrecht an Inhalten auf dieser Website ist im Besitz von ICE Robotics EMEA B.V..<\/p><p>Das Kopieren, Verbreiten oder jegliche andere Nutzung dieses Materials ist ohne die schriftliche Erlaubnis von ICE Robotics EMEA B.V. nicht gestattet, sofern in geltendem Gesetz nicht anders vereinbart oder ausgenommen (wie etwa das Recht zu zitieren), solang der spezifische Inhalt nichts anderes vorschreibt.<\/p><p>Wenn du Fragen oder Probleme mit der Verf\u00fcgbarkeit der Website hast, z\u00f6gere nicht uns zu kontaktieren.<\/p><\/div>\n    <\/div>\n    <\/div>\n    <\/div>\n    <\/section>\n","protected":false},"excerpt":{"rendered":"","protected":false},"author":1,"featured_media":0,"parent":0,"menu_order":0,"comment_status":"closed","ping_status":"closed","template":"","meta":{"_acf_changed":false,"footnotes":""},"class_list":["post-7678","page","type-page","status-publish","hentry"],"acf":[],"yoast_head":"<!-- This site is optimized with the Yoast SEO plugin v27.2 - https:\/\/yoast.com\/product\/yoast-seo-wordpress\/ -->\n<title>Haftungsausschluss - ICE Cobotics EMEA<\/title>\n<meta name=\"robots\" content=\"index, follow, max-snippet:-1, max-image-preview:large, max-video-preview:-1\" \/>\n<link rel=\"canonical\" href=\"https:\/\/ice4eu.com\/de\/haftungsausschluss\/\" \/>\n<meta property=\"og:locale\" content=\"de_DE\" \/>\n<meta property=\"og:type\" content=\"article\" \/>\n<meta property=\"og:title\" content=\"Haftungsausschluss - ICE Cobotics EMEA\" \/>\n<meta property=\"og:url\" content=\"https:\/\/ice4eu.com\/de\/haftungsausschluss\/\" \/>\n<meta property=\"og:site_name\" content=\"ICE Cobotics EMEA\" \/>\n<meta property=\"article:publisher\" content=\"https:\/\/www.facebook.com\/IceInternationalCleaningEquipment\" \/>\n<meta property=\"article:modified_time\" content=\"2026-03-30T02:49:16+00:00\" \/>\n<meta name=\"twitter:card\" content=\"summary_large_image\" \/>\n<meta name=\"twitter:site\" content=\"@ice4benelux\" \/>\n<script type=\"application\/ld+json\" class=\"yoast-schema-graph\">{\"@context\":\"https:\/\/schema.org\",\"@graph\":[{\"@type\":\"WebPage\",\"@id\":\"https:\/\/ice4eu.com\/de\/haftungsausschluss\/\",\"url\":\"https:\/\/ice4eu.com\/de\/haftungsausschluss\/\",\"name\":\"Haftungsausschluss - ICE Cobotics EMEA\",\"isPartOf\":{\"@id\":\"https:\/\/ice4eu.com\/de\/#website\"},\"datePublished\":\"2025-11-07T09:25:23+00:00\",\"dateModified\":\"2026-03-30T02:49:16+00:00\",\"breadcrumb\":{\"@id\":\"https:\/\/ice4eu.com\/de\/haftungsausschluss\/#breadcrumb\"},\"inLanguage\":\"de\",\"potentialAction\":[{\"@type\":\"ReadAction\",\"target\":[\"https:\/\/ice4eu.com\/de\/haftungsausschluss\/\"]}]},{\"@type\":\"BreadcrumbList\",\"@id\":\"https:\/\/ice4eu.com\/de\/haftungsausschluss\/#breadcrumb\",\"itemListElement\":[{\"@type\":\"ListItem\",\"position\":1,\"name\":\"Home\",\"item\":\"https:\/\/ice4eu.com\/de\/home\/\"},{\"@type\":\"ListItem\",\"position\":2,\"name\":\"Haftungsausschluss\"}]},{\"@type\":\"WebSite\",\"@id\":\"https:\/\/ice4eu.com\/de\/#website\",\"url\":\"https:\/\/ice4eu.com\/de\/\",\"name\":\"ICE Cobotics\",\"description\":\"Human Led. Tech Powered Clean.\",\"publisher\":{\"@id\":\"https:\/\/ice4eu.com\/de\/#organization\"},\"alternateName\":\"ICE Cobotics EMEA\",\"potentialAction\":[{\"@type\":\"SearchAction\",\"target\":{\"@type\":\"EntryPoint\",\"urlTemplate\":\"https:\/\/ice4eu.com\/de\/?s={search_term_string}\"},\"query-input\":{\"@type\":\"PropertyValueSpecification\",\"valueRequired\":true,\"valueName\":\"search_term_string\"}}],\"inLanguage\":\"de\"},{\"@type\":\"Organization\",\"@id\":\"https:\/\/ice4eu.com\/de\/#organization\",\"name\":\"ICE Cobotics\",\"alternateName\":\"ICE Cobotics EMEA\",\"url\":\"https:\/\/ice4eu.com\/de\/\",\"logo\":{\"@type\":\"ImageObject\",\"inLanguage\":\"de\",\"@id\":\"https:\/\/ice4eu.com\/de\/#\/schema\/logo\/image\/\",\"url\":\"https:\/\/ice4eu.com\/wp-content\/uploads\/2025\/07\/IcecoboticLogo_GREY_normal-300x90-1.svg\",\"contentUrl\":\"https:\/\/ice4eu.com\/wp-content\/uploads\/2025\/07\/IcecoboticLogo_GREY_normal-300x90-1.svg\",\"width\":300,\"height\":90,\"caption\":\"ICE Cobotics\"},\"image\":{\"@id\":\"https:\/\/ice4eu.com\/de\/#\/schema\/logo\/image\/\"},\"sameAs\":[\"https:\/\/www.facebook.com\/IceInternationalCleaningEquipment\",\"https:\/\/x.com\/ice4benelux\",\"https:\/\/www.youtube.com\/channel\/UCd5CksJC8a4PhJhO3FJbHHA\"]}]}<\/script>\n<!-- \/ Yoast SEO plugin. -->","yoast_head_json":{"title":"Haftungsausschluss - ICE Cobotics EMEA","robots":{"index":"index","follow":"follow","max-snippet":"max-snippet:-1","max-image-preview":"max-image-preview:large","max-video-preview":"max-video-preview:-1"},"canonical":"https:\/\/ice4eu.com\/de\/haftungsausschluss\/","og_locale":"de_DE","og_type":"article","og_title":"Haftungsausschluss - ICE Cobotics EMEA","og_url":"https:\/\/ice4eu.com\/de\/haftungsausschluss\/","og_site_name":"ICE Cobotics EMEA","article_publisher":"https:\/\/www.facebook.com\/IceInternationalCleaningEquipment","article_modified_time":"2026-03-30T02:49:16+00:00","twitter_card":"summary_large_image","twitter_site":"@ice4benelux","schema":{"@context":"https:\/\/schema.org","@graph":[{"@type":"WebPage","@id":"https:\/\/ice4eu.com\/de\/haftungsausschluss\/","url":"https:\/\/ice4eu.com\/de\/haftungsausschluss\/","name":"Haftungsausschluss - ICE Cobotics EMEA","isPartOf":{"@id":"https:\/\/ice4eu.com\/de\/#website"},"datePublished":"2025-11-07T09:25:23+00:00","dateModified":"2026-03-30T02:49:16+00:00","breadcrumb":{"@id":"https:\/\/ice4eu.com\/de\/haftungsausschluss\/#breadcrumb"},"inLanguage":"de","potentialAction":[{"@type":"ReadAction","target":["https:\/\/ice4eu.com\/de\/haftungsausschluss\/"]}]},{"@type":"BreadcrumbList","@id":"https:\/\/ice4eu.com\/de\/haftungsausschluss\/#breadcrumb","itemListElement":[{"@type":"ListItem","position":1,"name":"Home","item":"https:\/\/ice4eu.com\/de\/home\/"},{"@type":"ListItem","position":2,"name":"Haftungsausschluss"}]},{"@type":"WebSite","@id":"https:\/\/ice4eu.com\/de\/#website","url":"https:\/\/ice4eu.com\/de\/","name":"ICE Cobotics","description":"Human Led. Tech Powered Clean.","publisher":{"@id":"https:\/\/ice4eu.com\/de\/#organization"},"alternateName":"ICE Cobotics EMEA","potentialAction":[{"@type":"SearchAction","target":{"@type":"EntryPoint","urlTemplate":"https:\/\/ice4eu.com\/de\/?s={search_term_string}"},"query-input":{"@type":"PropertyValueSpecification","valueRequired":true,"valueName":"search_term_string"}}],"inLanguage":"de"},{"@type":"Organization","@id":"https:\/\/ice4eu.com\/de\/#organization","name":"ICE Cobotics","alternateName":"ICE Cobotics EMEA","url":"https:\/\/ice4eu.com\/de\/","logo":{"@type":"ImageObject","inLanguage":"de","@id":"https:\/\/ice4eu.com\/de\/#\/schema\/logo\/image\/","url":"https:\/\/ice4eu.com\/wp-content\/uploads\/2025\/07\/IcecoboticLogo_GREY_normal-300x90-1.svg","contentUrl":"https:\/\/ice4eu.com\/wp-content\/uploads\/2025\/07\/IcecoboticLogo_GREY_normal-300x90-1.svg","width":300,"height":90,"caption":"ICE Cobotics"},"image":{"@id":"https:\/\/ice4eu.com\/de\/#\/schema\/logo\/image\/"},"sameAs":["https:\/\/www.facebook.com\/IceInternationalCleaningEquipment","https:\/\/x.com\/ice4benelux","https:\/\/www.youtube.com\/channel\/UCd5CksJC8a4PhJhO3FJbHHA"]}]}},"_links":{"self":[{"href":"https:\/\/ice4eu.com\/de\/wp-json\/wp\/v2\/pages\/7678","targetHints":{"allow":["GET"]}}],"collection":[{"href":"https:\/\/ice4eu.com\/de\/wp-json\/wp\/v2\/pages"}],"about":[{"href":"https:\/\/ice4eu.com\/de\/wp-json\/wp\/v2\/types\/page"}],"author":[{"embeddable":true,"href":"https:\/\/ice4eu.com\/de\/wp-json\/wp\/v2\/users\/1"}],"replies":[{"embeddable":true,"href":"https:\/\/ice4eu.com\/de\/wp-json\/wp\/v2\/comments?post=7678"}],"version-history":[{"count":1,"href":"https:\/\/ice4eu.com\/de\/wp-json\/wp\/v2\/pages\/7678\/revisions"}],"predecessor-version":[{"id":7679,"href":"https:\/\/ice4eu.com\/de\/wp-json\/wp\/v2\/pages\/7678\/revisions\/7679"}],"wp:attachment":[{"href":"https:\/\/ice4eu.com\/de\/wp-json\/wp\/v2\/media?parent=7678"}],"curies":[{"name":"wp","href":"https:\/\/api.w.org\/{rel}","templated":true}]}}