{"id":7540,"date":"2023-05-08T10:31:11","date_gmt":"2023-05-08T08:31:11","guid":{"rendered":"https:\/\/ice4eu.com\/datenschutzerklaerung\/"},"modified":"2026-03-25T11:27:23","modified_gmt":"2026-03-25T10:27:23","slug":"datenschutzerklaerung","status":"publish","type":"page","link":"https:\/\/ice4eu.com\/de\/datenschutzerklaerung\/","title":{"rendered":"Datenschutzerkl\u00e4rung"},"content":{"rendered":"\n    <section class=\"section is-tekst bg-default text-default lg\" id=\"\">\n        <div class=\"container-fluid is-custom\">\n            <div class=\"section__content\">\n            \n    <div class=\"entry-content\">\n        <h4>\u00dcber unsere Datenschutzrichtlinie<\/h4>\n<p>ICE Cobotics Benelux BV legt gro\u00dfen Wert auf Ihre Privatsph\u00e4re. Wir verarbeiten daher ausschlie\u00dflich Daten, die wir f\u00fcr (die Verbesserung) unserer Dienstleistungen ben\u00f6tigen, und gehen sorgf\u00e4ltig mit den Informationen um, die wir \u00fcber Sie und Ihre Nutzung unserer Dienste gesammelt haben. Wir stellen Ihre Daten niemals Dritten f\u00fcr kommerzielle Zwecke zur Verf\u00fcgung. Diese Datenschutzrichtlinie gilt f\u00fcr die Nutzung der Websites und der darauf angebotenen Dienstleistungen von ICE Cobotics Benelux BV.   <\/p>\n<p>Das Datum des Inkrafttretens dieser Bedingungen ist der 25.05.2018; mit der Ver\u00f6ffentlichung einer neuen Version verliert jede vorherige Version ihre G\u00fcltigkeit.<\/p>\n<p>Diese Datenschutzrichtlinie beschreibt, welche Daten wir \u00fcber Sie sammeln, wof\u00fcr diese Daten verwendet werden und mit wem sowie unter welchen Bedingungen diese Daten gegebenenfalls an Dritte weitergegeben werden k\u00f6nnen. Wir erl\u00e4utern Ihnen au\u00dferdem, wie wir Ihre Daten speichern, wie wir Ihre Daten vor Missbrauch sch\u00fctzen und welche Rechte Sie in Bezug auf die von Ihnen an uns \u00fcbermittelten personenbezogenen Daten haben. Wenn Sie Fragen zu unserer Datenschutzrichtlinie haben, k\u00f6nnen Sie sich an unseren Ansprechpartner f\u00fcr Datenschutzangelegenheiten wenden; die Kontaktdaten finden Sie am Ende unserer Datenschutzrichtlinie.  <\/p>\n<h4>\u00dcber die Datenverarbeitung<\/h4>\n<p>Im Folgenden k\u00f6nnen Sie lesen, wie wir Ihre Daten verarbeiten, wo wir diese speichern (lassen), welche Sicherheitstechniken wir einsetzen und f\u00fcr wen die Daten einsehbar sind.<\/p>\n<h4>Webshop<\/h4>\n<p>Unser Webshop wurde mit der Software von WooCommerce entwickelt. Personenbezogene Daten, die Sie uns zum Zwecke unserer Dienstleistung zur Verf\u00fcgung stellen, werden mit diesem Partner geteilt. WooCommerce hat Zugriff auf Ihre Daten, um uns (technische) Unterst\u00fctzung zu bieten; sie werden Ihre Daten niemals f\u00fcr andere Zwecke verwenden.  <\/p>\n<p>WooCommerce ist aufgrund der mit uns geschlossenen Vereinbarung verpflichtet, angemessene Sicherheitsma\u00dfnahmen zu ergreifen. Diese Sicherheitsma\u00dfnahmen bestehen aus der Anwendung von SSL-Verschl\u00fcsselung und einer strengen Passwortrichtlinie. WooCommerce verwendet Cookies, um technische Informationen \u00fcber Ihre Nutzung der Software zu sammeln; es werden keine personenbezogenen Daten erhoben und\/oder gespeichert.  <\/p>\n<p>WooCommerce beh\u00e4lt sich das Recht vor, gesammelte Daten innerhalb des eigenen Konzerns zu teilen, um die Dienstleistung weiter zu verbessern.<\/p>\n<h4>Webhosting<\/h4>\n<p>Wir beziehen Webhosting- und E-Mail-Dienste von Sitesoft. Sitesoft verarbeitet personenbezogene Daten in unserem Auftrag und nutzt Ihre Daten nicht f\u00fcr eigene Zwecke. Dieser Partner kann jedoch Metadaten \u00fcber die Nutzung der Dienste sammeln. Dabei handelt es sich nicht um personenbezogene Daten. Sitesoft hat angemessene technische und organisatorische Ma\u00dfnahmen ergriffen, um den Verlust und die unbefugte Nutzung personenbezogener Daten zu verhindern. Sitesoft ist aufgrund der Vereinbarung zur Geheimhaltung verpflichtet.     <\/p>\n<h4>Zahlungsdienstleister<\/h4>\n<h5>iDEAL<\/h5>\n<p>F\u00fcr die Abwicklung (eines Teils) der Zahlungen in unserem Webshop nutzen wir die Plattform von iDEAL. iDEAL verarbeitet Ihren Namen, Ihre Adressdaten sowie Zahlungsdaten wie Bankkonto- oder Kreditkartennummer. iDEAL hat angemessene technische und organisatorische Ma\u00dfnahmen ergriffen, um Ihre personenbezogenen Daten zu sch\u00fctzen. iDEAL beh\u00e4lt sich das Recht vor, Ihre Daten zur weiteren Verbesserung der Dienstleistung zu nutzen und in diesem Rahmen (anonymisierte) Daten an Dritte weiterzugeben. Alle oben genannten Garantien bez\u00fcglich des Schutzes Ihrer personenbezogenen Daten gelten auch f\u00fcr die Teile der Dienstleistung von iDEAL, f\u00fcr die sie Dritte einschalten. iDEAL bewahrt Ihre Daten nicht l\u00e4nger auf, als es die gesetzlichen Fristen erlauben.     <\/p>\n<h4>Versand und Logistik<\/h4>\n<h5>DPD<\/h5>\n<p>Wenn Sie eine Bestellung bei uns aufgeben, ist es unsere Aufgabe, Ihr Paket an Sie zustellen zu lassen. Wir nutzen f\u00fcr die Durchf\u00fchrung der Lieferungen die Dienste von DPD. Hierf\u00fcr ist es erforderlich, dass wir Ihren Namen, Ihre Adressdaten und Ihre E-Mail-Adresse an DPD weitergeben. DPD verwendet diese Daten ausschlie\u00dflich zum Zweck der Vertragserf\u00fcllung. Falls DPD Subunternehmer beauftragt, stellt DPD Ihre Daten auch diesen Parteien zur Verf\u00fcgung.    <\/p>\n<h4>E-Mail-Newsletter<\/h4>\n<h5>Mailchimp<\/h5>\n<p>F\u00fcr den Versand unseres E-Mail-Newsletters nutzen wir die Dienste von Mailchimp. Sie wurden in unseren E-Mail-Verteiler aufgenommen, wenn Sie in unserem Buchhaltungssystem erfasst sind, wenn Sie sich f\u00fcr den Newsletter angemeldet haben oder wenn Sie in der Vergangenheit an einer Aktion teilgenommen haben, f\u00fcr die die Anmeldung zum Newsletter eine Bedingung war. Wir teilen Ihre E-Mail-Adresse mit Mailchimp f\u00fcr den Versand unserer Newsletter. Mailchimp wird Ihre E-Mail-Adresse niemals f\u00fcr andere Zwecke verwenden. Sie k\u00f6nnen sich jederzeit \u00fcber den Link \u201eAbmelden\u201c am Ende jedes Newsletters abmelden.    <\/p>\n<h4>Rechnungsstellung und Buchhaltung<\/h4>\n<h5>Exact<\/h5>\n<p>F\u00fcr unsere Verwaltung und Buchhaltung nutzen wir die Dienste von Exact. Wir teilen Ihren Namen, Ihre Adressdaten sowie Details zu Ihren Bestellungen, Mietvertr\u00e4gen und Serviceauftr\u00e4gen mit. Diese Daten werden f\u00fcr die Verwaltung von Verkaufsrechnungen verwendet. Ihre personenbezogenen Daten werden gesch\u00fctzt \u00fcbertragen und gespeichert. Exact ist zur Geheimhaltung verpflichtet und wird Ihre Daten vertraulich behandeln. Exact verwendet Ihre personenbezogenen Daten nicht f\u00fcr andere als die oben beschriebenen Zwecke.    <\/p>\n<h4>Externe Verkaufskan\u00e4le<\/h4>\n<h5>Bol.com<\/h5>\n<p>Wir verkaufen (einen Teil) unserer Artikel \u00fcber die Plattform von Bol.com. Wenn Sie \u00fcber diese Plattform eine Bestellung aufgeben, teilt Bol.com Ihre Bestell- und personenbezogenen Daten mit uns. Wir verwenden diese Daten zur Abwicklung Ihrer Bestellung. Wir behandeln Ihre Daten vertraulich und haben angemessene technische und organisatorische Ma\u00dfnahmen getroffen, um Ihre Daten vor Verlust und unbefugter Nutzung zu sch\u00fctzen.   <\/p>\n<h4>Zweck der Datenverarbeitung<\/h4>\n<h5>Allgemeiner Zweck der Verarbeitung<\/h5>\n<p>Wir verwenden Ihre Daten ausschlie\u00dflich zum Zweck unserer Dienstleistung. Das bedeutet, dass der Zweck der Verarbeitung immer in direktem Zusammenhang mit dem von Ihnen erteilten Auftrag steht. Wir verwenden Ihre Daten nicht f\u00fcr (gezieltes) Marketing. Wenn Sie Daten mit uns teilen und wir diese Daten verwenden, um Sie zu einem sp\u00e4teren Zeitpunkt \u2013 au\u00dfer auf Ihre Anfrage hin \u2013 zu kontaktieren, werden wir Sie hierf\u00fcr explizit um Erlaubnis bitten.   <\/p>\n<p>Ihre Daten werden nicht an Dritte weitergegeben, es sei denn, um buchhalterischen und sonstigen administrativen Verpflichtungen nachzukommen. Diese Dritten sind alle aufgrund der Vereinbarung zwischen ihnen und uns oder aufgrund eines Eides oder einer gesetzlichen Verpflichtung zur Geheimhaltung verpflichtet. <\/p>\n<h4>Automatisch erhobene Daten<\/h4>\n<p>Daten, die automatisch durch unsere Website erhoben werden, werden mit dem Ziel verarbeitet, unsere Dienstleistung weiter zu verbessern. Diese Daten (z. B. IP-Adresse, Webbrowser und Betriebssystem) sind keine personenbezogenen Daten. <\/p>\n<h4>Mitwirkung an steuer- und strafrechtlichen Ermittlungen<\/h4>\n<p>In bestimmten F\u00e4llen kann ICE Cobotics Benelux BV aufgrund einer gesetzlichen Verpflichtung dazu angehalten werden, Ihre Daten im Zusammenhang mit staatlichen steuer- oder strafrechtlichen Ermittlungen weiterzugeben. In einem solchen Fall sind wir gezwungen, Ihre Daten zu teilen, werden uns jedoch im Rahmen der gesetzlichen M\u00f6glichkeiten dagegen wehren. <\/p>\n<h4>Aufbewahrungsfristen<\/h4>\n<p>Wir bewahren Ihre Daten so lange auf, wie Sie unser Kunde sind. Das bedeutet, dass wir Ihr Kundenprofil speichern, bis Sie angeben, dass Sie unsere Dienste nicht mehr in Anspruch nehmen m\u00f6chten. Wenn Sie uns dies mitteilen, werden wir dies auch als Antrag auf L\u00f6schung auffassen. Aufgrund geltender administrativer Verpflichtungen m\u00fcssen wir Rechnungen mit Ihren (personenbezogenen) Daten aufbewahren; diese Daten werden wir daher so lange speichern, wie die entsprechende Frist l\u00e4uft. Mitarbeiter haben jedoch keinen Zugriff mehr auf Ihr Kundenprofil und auf Dokumente, die wir im Rahmen Ihres Auftrags erstellt haben.    <\/p>\n<h4>Ihre Rechte<\/h4>\n<p>Aufgrund der geltenden niederl\u00e4ndischen und europ\u00e4ischen Gesetzgebung haben Sie als betroffene Person bestimmte Rechte in Bezug auf die personenbezogenen Daten, die durch uns oder in unserem Auftrag verarbeitet werden. Wir erl\u00e4utern Ihnen im Folgenden, welche Rechte dies sind und wie Sie diese Rechte geltend machen k\u00f6nnen. Um Missbrauch vorzubeugen, senden wir Abschriften und Kopien Ihrer Daten grunds\u00e4tzlich nur an Ihre uns bereits bekannte E-Mail-Adresse. Falls Sie die Daten an eine andere E-Mail-Adresse oder beispielsweise per Post erhalten m\u00f6chten, werden wir Sie um eine Identifizierung bitten. Wir f\u00fchren eine Dokumentation \u00fcber erledigte Anfragen; im Falle eines Antrags auf L\u00f6schung verwalten wir anonymisierte Daten. Alle Abschriften und Kopien von Daten erhalten Sie in dem maschinenlesbaren Datenformat, das wir in unseren Systemen verwenden. Sie haben jederzeit das Recht, eine Beschwerde bei der niederl\u00e4ndischen Datenschutzbeh\u00f6rde (Autoriteit Persoonsgegevens) einzureichen, wenn Sie vermuten, dass wir Ihre personenbezogenen Daten auf unzul\u00e4ssige Weise verwenden.     <\/p>\n<h4>Auskunftsrecht<\/h4>\n<p>Sie haben jederzeit das Recht, die Daten einzusehen, die wir verarbeiten (lassen) und die sich auf Ihre Person beziehen oder auf diese zur\u00fcckf\u00fchrbar sind. Sie k\u00f6nnen eine entsprechende Anfrage an unseren Ansprechpartner f\u00fcr Datenschutzangelegenheiten richten. Sie erhalten dann innerhalb von 30 Tagen eine Antwort auf Ihre Anfrage. Wenn Ihrer Anfrage stattgegeben wird, senden wir Ihnen an die uns bekannte E-Mail-Adresse eine Kopie aller Daten mit einer \u00dcbersicht der Verarbeiter, die diese Daten innehaben, unter Angabe der Kategorie, unter der wir diese Daten gespeichert haben.   <\/p>\n<h4>Recht auf Berichtigung<\/h4>\n<p>Sie haben jederzeit das Recht, die Daten anpassen zu lassen, die wir verarbeiten (lassen) und die sich auf Ihre Person beziehen oder auf diese zur\u00fcckf\u00fchrbar sind. Sie k\u00f6nnen eine entsprechende Anfrage an unseren Ansprechpartner f\u00fcr Datenschutzangelegenheiten richten. Sie erhalten dann innerhalb von 30 Tagen eine Antwort auf Ihre Anfrage. Wenn Ihrer Anfrage stattgegeben wird, senden wir Ihnen an die uns bekannte E-Mail-Adresse eine Best\u00e4tigung, dass die Daten angepasst wurden.   <\/p>\n<h4>Recht auf Einschr\u00e4nkung der Verarbeitung<\/h4>\n<p>Sie haben jederzeit das Recht, die Verarbeitung der Daten einzuschr\u00e4nken, die wir verarbeiten (lassen) und die sich auf Ihre Person beziehen oder auf diese zur\u00fcckf\u00fchrbar sind. Sie k\u00f6nnen eine entsprechende Anfrage an unseren Ansprechpartner f\u00fcr Datenschutzangelegenheiten richten. Sie erhalten dann innerhalb von 30 Tagen eine Antwort auf Ihre Anfrage. Wenn Ihrer Anfrage stattgegeben wird, senden wir Ihnen an die uns bekannte E-Mail-Adresse eine Best\u00e4tigung, dass die Daten bis zur Aufhebung der Einschr\u00e4nkung nicht mehr verarbeitet werden.   <\/p>\n<h4>Recht auf \u00dcbertragbarkeit<\/h4>\n<p>Sie haben jederzeit das Recht, die Daten, die wir verarbeiten (lassen) und die sich auf Ihre Person beziehen oder auf diese zur\u00fcckf\u00fchrbar sind, durch eine andere Partei verarbeiten zu lassen. Sie k\u00f6nnen eine entsprechende Anfrage an unseren Ansprechpartner f\u00fcr Datenschutzangelegenheiten richten. Sie erhalten dann innerhalb von 30 Tagen eine Antwort auf Ihre Anfrage. Wenn Ihrer Anfrage stattgegeben wird, senden wir Ihnen an die uns bekannte E-Mail-Adresse Abschriften oder Kopien aller Daten \u00fcber Sie, die wir verarbeitet haben oder die in unserem Auftrag durch andere Verarbeiter oder Dritte verarbeitet wurden. In einem solchen Fall k\u00f6nnen wir die Dienstleistung h\u00f6chstwahrscheinlich nicht mehr fortsetzen, da die sichere Verkn\u00fcpfung von Datendateien dann nicht mehr gew\u00e4hrleistet werden kann.    <\/p>\n<h4>Widerspruchsrecht und sonstige Rechte<\/h4>\n<p>Sie haben in bestimmten F\u00e4llen das Recht, Widerspruch gegen die Verarbeitung Ihrer personenbezogenen Daten durch oder im Auftrag von ICE Cobotics Benelux BV einzulegen. Wenn Sie Widerspruch einlegen, werden wir die Datenverarbeitung unverz\u00fcglich einstellen, bis Ihr Widerspruch bearbeitet wurde. Ist Ihr Widerspruch begr\u00fcndet, werden wir Ihnen Abschriften und\/oder Kopien der Daten, die wir verarbeiten (lassen), zur Verf\u00fcgung stellen und danach die Verarbeitung dauerhaft einstellen. Sie haben au\u00dferdem das Recht, keiner automatisierten individuellen Entscheidungsfindung oder einem Profiling unterworfen zu werden. Wir verarbeiten Ihre Daten nicht in einer Weise, dass dieses Recht anwendbar ist. Wenn Sie der Meinung sind, dass dies doch der Fall ist, wenden Sie sich bitte an unseren Ansprechpartner f\u00fcr Datenschutzangelegenheiten.     <\/p>\n<h4>Cookies<\/h4>\n<h5>Google Analytics<\/h5>\n<p>\u00dcber unsere Website werden Cookies des US-amerikanischen Unternehmens Google als Teil des Dienstes \u201eAnalytics\u201c gesetzt. Wir nutzen diesen Dienst, um nachzuverfolgen und Berichte dar\u00fcber zu erhalten, wie Besucher die Website nutzen. Dieser Verarbeiter ist m\u00f6glicherweise aufgrund geltender Gesetze und Vorschriften verpflichtet, Einblick in diese Daten zu gew\u00e4hren. Wir haben Google nicht gestattet, die erhaltenen Analytics-Informationen f\u00fcr andere Google-Dienste zu verwenden. Cookies von Drittanbietern: Falls Softwarel\u00f6sungen von Drittanbietern Cookies verwenden, wird dies hier erw\u00e4hnt.     <\/p>\n<h4>\u00c4nderungen der Datenschutzrichtlinie<\/h4>\n<p>Wir behalten uns jederzeit das Recht vor, unsere Datenschutzrichtlinie zu \u00e4ndern. Auf dieser Seite finden Sie jedoch immer die aktuellste Version. Wenn die neue Datenschutzrichtlinie Auswirkungen auf die Art und Weise hat, wie wir bereits \u00fcber Sie erhobene Daten verarbeiten, werden wir Sie dar\u00fcber per E-Mail informieren.  <\/p>\n<h5>Kontaktdaten:<\/h5>\n<p>Airborne Avenue 55-57, 2133 LV Hoofddorp, Niederlande, Tel: 0297-303010, E-Mail: info-emea@icecobotics.com, Ansprechpartner f\u00fcr Datenschutzangelegenheiten: R.T. (Rob) Stokkel<\/p>\n    <\/div>\n    <\/div>\n    <\/div>\n    <\/section>\n","protected":false},"excerpt":{"rendered":"","protected":false},"author":1,"featured_media":4516,"parent":0,"menu_order":0,"comment_status":"closed","ping_status":"closed","template":"","meta":{"_acf_changed":false,"footnotes":""},"class_list":["post-7540","page","type-page","status-publish","has-post-thumbnail","hentry"],"acf":[],"yoast_head":"<!-- This site is optimized with the Yoast SEO plugin v27.2 - https:\/\/yoast.com\/product\/yoast-seo-wordpress\/ -->\n<title>Datenschutzerkl\u00e4rung - ICE Cobotics EMEA<\/title>\n<meta name=\"robots\" content=\"index, follow, max-snippet:-1, max-image-preview:large, max-video-preview:-1\" \/>\n<link rel=\"canonical\" href=\"https:\/\/ice4eu.com\/de\/datenschutzerklaerung\/\" \/>\n<meta property=\"og:locale\" content=\"de_DE\" \/>\n<meta property=\"og:type\" content=\"article\" \/>\n<meta property=\"og:title\" content=\"Datenschutzerkl\u00e4rung - ICE Cobotics EMEA\" \/>\n<meta property=\"og:url\" content=\"https:\/\/ice4eu.com\/de\/datenschutzerklaerung\/\" \/>\n<meta property=\"og:site_name\" content=\"ICE Cobotics EMEA\" \/>\n<meta property=\"article:publisher\" content=\"https:\/\/www.facebook.com\/IceInternationalCleaningEquipment\" \/>\n<meta property=\"article:modified_time\" content=\"2026-03-25T10:27:23+00:00\" \/>\n<meta property=\"og:image\" content=\"https:\/\/ice4eu.com\/wp-content\/uploads\/2025\/08\/newsign2.jpg\" \/>\n\t<meta property=\"og:image:width\" content=\"1830\" \/>\n\t<meta property=\"og:image:height\" content=\"781\" \/>\n\t<meta property=\"og:image:type\" content=\"image\/jpeg\" \/>\n<meta name=\"twitter:card\" content=\"summary_large_image\" \/>\n<meta name=\"twitter:site\" content=\"@ice4benelux\" \/>\n<script type=\"application\/ld+json\" class=\"yoast-schema-graph\">{\"@context\":\"https:\/\/schema.org\",\"@graph\":[{\"@type\":\"WebPage\",\"@id\":\"https:\/\/ice4eu.com\/de\/datenschutzerklaerung\/\",\"url\":\"https:\/\/ice4eu.com\/de\/datenschutzerklaerung\/\",\"name\":\"Datenschutzerkl\u00e4rung - ICE Cobotics EMEA\",\"isPartOf\":{\"@id\":\"https:\/\/ice4eu.com\/de\/#website\"},\"primaryImageOfPage\":{\"@id\":\"https:\/\/ice4eu.com\/de\/datenschutzerklaerung\/#primaryimage\"},\"image\":{\"@id\":\"https:\/\/ice4eu.com\/de\/datenschutzerklaerung\/#primaryimage\"},\"thumbnailUrl\":\"https:\/\/ice4eu.com\/wp-content\/uploads\/2025\/08\/newsign2.jpg\",\"datePublished\":\"2023-05-08T08:31:11+00:00\",\"dateModified\":\"2026-03-25T10:27:23+00:00\",\"breadcrumb\":{\"@id\":\"https:\/\/ice4eu.com\/de\/datenschutzerklaerung\/#breadcrumb\"},\"inLanguage\":\"de\",\"potentialAction\":[{\"@type\":\"ReadAction\",\"target\":[\"https:\/\/ice4eu.com\/de\/datenschutzerklaerung\/\"]}]},{\"@type\":\"ImageObject\",\"inLanguage\":\"de\",\"@id\":\"https:\/\/ice4eu.com\/de\/datenschutzerklaerung\/#primaryimage\",\"url\":\"https:\/\/ice4eu.com\/wp-content\/uploads\/2025\/08\/newsign2.jpg\",\"contentUrl\":\"https:\/\/ice4eu.com\/wp-content\/uploads\/2025\/08\/newsign2.jpg\",\"width\":1830,\"height\":781},{\"@type\":\"BreadcrumbList\",\"@id\":\"https:\/\/ice4eu.com\/de\/datenschutzerklaerung\/#breadcrumb\",\"itemListElement\":[{\"@type\":\"ListItem\",\"position\":1,\"name\":\"Home\",\"item\":\"https:\/\/ice4eu.com\/de\/home\/\"},{\"@type\":\"ListItem\",\"position\":2,\"name\":\"Datenschutzerkl\u00e4rung\"}]},{\"@type\":\"WebSite\",\"@id\":\"https:\/\/ice4eu.com\/de\/#website\",\"url\":\"https:\/\/ice4eu.com\/de\/\",\"name\":\"ICE Cobotics\",\"description\":\"Human Led. Tech Powered Clean.\",\"publisher\":{\"@id\":\"https:\/\/ice4eu.com\/de\/#organization\"},\"alternateName\":\"ICE Cobotics EMEA\",\"potentialAction\":[{\"@type\":\"SearchAction\",\"target\":{\"@type\":\"EntryPoint\",\"urlTemplate\":\"https:\/\/ice4eu.com\/de\/?s={search_term_string}\"},\"query-input\":{\"@type\":\"PropertyValueSpecification\",\"valueRequired\":true,\"valueName\":\"search_term_string\"}}],\"inLanguage\":\"de\"},{\"@type\":\"Organization\",\"@id\":\"https:\/\/ice4eu.com\/de\/#organization\",\"name\":\"ICE Cobotics\",\"alternateName\":\"ICE Cobotics EMEA\",\"url\":\"https:\/\/ice4eu.com\/de\/\",\"logo\":{\"@type\":\"ImageObject\",\"inLanguage\":\"de\",\"@id\":\"https:\/\/ice4eu.com\/de\/#\/schema\/logo\/image\/\",\"url\":\"https:\/\/ice4eu.com\/wp-content\/uploads\/2025\/07\/IcecoboticLogo_GREY_normal-300x90-1.svg\",\"contentUrl\":\"https:\/\/ice4eu.com\/wp-content\/uploads\/2025\/07\/IcecoboticLogo_GREY_normal-300x90-1.svg\",\"width\":300,\"height\":90,\"caption\":\"ICE Cobotics\"},\"image\":{\"@id\":\"https:\/\/ice4eu.com\/de\/#\/schema\/logo\/image\/\"},\"sameAs\":[\"https:\/\/www.facebook.com\/IceInternationalCleaningEquipment\",\"https:\/\/x.com\/ice4benelux\",\"https:\/\/www.youtube.com\/channel\/UCd5CksJC8a4PhJhO3FJbHHA\"]}]}<\/script>\n<!-- \/ Yoast SEO plugin. -->","yoast_head_json":{"title":"Datenschutzerkl\u00e4rung - ICE Cobotics EMEA","robots":{"index":"index","follow":"follow","max-snippet":"max-snippet:-1","max-image-preview":"max-image-preview:large","max-video-preview":"max-video-preview:-1"},"canonical":"https:\/\/ice4eu.com\/de\/datenschutzerklaerung\/","og_locale":"de_DE","og_type":"article","og_title":"Datenschutzerkl\u00e4rung - ICE Cobotics EMEA","og_url":"https:\/\/ice4eu.com\/de\/datenschutzerklaerung\/","og_site_name":"ICE Cobotics EMEA","article_publisher":"https:\/\/www.facebook.com\/IceInternationalCleaningEquipment","article_modified_time":"2026-03-25T10:27:23+00:00","og_image":[{"width":1830,"height":781,"url":"https:\/\/ice4eu.com\/wp-content\/uploads\/2025\/08\/newsign2.jpg","type":"image\/jpeg"}],"twitter_card":"summary_large_image","twitter_site":"@ice4benelux","schema":{"@context":"https:\/\/schema.org","@graph":[{"@type":"WebPage","@id":"https:\/\/ice4eu.com\/de\/datenschutzerklaerung\/","url":"https:\/\/ice4eu.com\/de\/datenschutzerklaerung\/","name":"Datenschutzerkl\u00e4rung - ICE Cobotics EMEA","isPartOf":{"@id":"https:\/\/ice4eu.com\/de\/#website"},"primaryImageOfPage":{"@id":"https:\/\/ice4eu.com\/de\/datenschutzerklaerung\/#primaryimage"},"image":{"@id":"https:\/\/ice4eu.com\/de\/datenschutzerklaerung\/#primaryimage"},"thumbnailUrl":"https:\/\/ice4eu.com\/wp-content\/uploads\/2025\/08\/newsign2.jpg","datePublished":"2023-05-08T08:31:11+00:00","dateModified":"2026-03-25T10:27:23+00:00","breadcrumb":{"@id":"https:\/\/ice4eu.com\/de\/datenschutzerklaerung\/#breadcrumb"},"inLanguage":"de","potentialAction":[{"@type":"ReadAction","target":["https:\/\/ice4eu.com\/de\/datenschutzerklaerung\/"]}]},{"@type":"ImageObject","inLanguage":"de","@id":"https:\/\/ice4eu.com\/de\/datenschutzerklaerung\/#primaryimage","url":"https:\/\/ice4eu.com\/wp-content\/uploads\/2025\/08\/newsign2.jpg","contentUrl":"https:\/\/ice4eu.com\/wp-content\/uploads\/2025\/08\/newsign2.jpg","width":1830,"height":781},{"@type":"BreadcrumbList","@id":"https:\/\/ice4eu.com\/de\/datenschutzerklaerung\/#breadcrumb","itemListElement":[{"@type":"ListItem","position":1,"name":"Home","item":"https:\/\/ice4eu.com\/de\/home\/"},{"@type":"ListItem","position":2,"name":"Datenschutzerkl\u00e4rung"}]},{"@type":"WebSite","@id":"https:\/\/ice4eu.com\/de\/#website","url":"https:\/\/ice4eu.com\/de\/","name":"ICE Cobotics","description":"Human Led. Tech Powered Clean.","publisher":{"@id":"https:\/\/ice4eu.com\/de\/#organization"},"alternateName":"ICE Cobotics EMEA","potentialAction":[{"@type":"SearchAction","target":{"@type":"EntryPoint","urlTemplate":"https:\/\/ice4eu.com\/de\/?s={search_term_string}"},"query-input":{"@type":"PropertyValueSpecification","valueRequired":true,"valueName":"search_term_string"}}],"inLanguage":"de"},{"@type":"Organization","@id":"https:\/\/ice4eu.com\/de\/#organization","name":"ICE Cobotics","alternateName":"ICE Cobotics EMEA","url":"https:\/\/ice4eu.com\/de\/","logo":{"@type":"ImageObject","inLanguage":"de","@id":"https:\/\/ice4eu.com\/de\/#\/schema\/logo\/image\/","url":"https:\/\/ice4eu.com\/wp-content\/uploads\/2025\/07\/IcecoboticLogo_GREY_normal-300x90-1.svg","contentUrl":"https:\/\/ice4eu.com\/wp-content\/uploads\/2025\/07\/IcecoboticLogo_GREY_normal-300x90-1.svg","width":300,"height":90,"caption":"ICE Cobotics"},"image":{"@id":"https:\/\/ice4eu.com\/de\/#\/schema\/logo\/image\/"},"sameAs":["https:\/\/www.facebook.com\/IceInternationalCleaningEquipment","https:\/\/x.com\/ice4benelux","https:\/\/www.youtube.com\/channel\/UCd5CksJC8a4PhJhO3FJbHHA"]}]}},"_links":{"self":[{"href":"https:\/\/ice4eu.com\/de\/wp-json\/wp\/v2\/pages\/7540","targetHints":{"allow":["GET"]}}],"collection":[{"href":"https:\/\/ice4eu.com\/de\/wp-json\/wp\/v2\/pages"}],"about":[{"href":"https:\/\/ice4eu.com\/de\/wp-json\/wp\/v2\/types\/page"}],"author":[{"embeddable":true,"href":"https:\/\/ice4eu.com\/de\/wp-json\/wp\/v2\/users\/1"}],"replies":[{"embeddable":true,"href":"https:\/\/ice4eu.com\/de\/wp-json\/wp\/v2\/comments?post=7540"}],"version-history":[{"count":1,"href":"https:\/\/ice4eu.com\/de\/wp-json\/wp\/v2\/pages\/7540\/revisions"}],"predecessor-version":[{"id":7541,"href":"https:\/\/ice4eu.com\/de\/wp-json\/wp\/v2\/pages\/7540\/revisions\/7541"}],"wp:featuredmedia":[{"embeddable":true,"href":"https:\/\/ice4eu.com\/de\/wp-json\/wp\/v2\/media\/4516"}],"wp:attachment":[{"href":"https:\/\/ice4eu.com\/de\/wp-json\/wp\/v2\/media?parent=7540"}],"curies":[{"name":"wp","href":"https:\/\/api.w.org\/{rel}","templated":true}]}}